{"id":4874,"date":"2025-02-20T12:42:21","date_gmt":"2025-02-20T12:42:21","guid":{"rendered":"https:\/\/minfolio.caliberthemes.com\/freelancer\/?page_id=4874"},"modified":"2026-03-06T10:54:03","modified_gmt":"2026-03-06T10:54:03","slug":"contact","status":"publish","type":"page","link":"https:\/\/pzero.ro\/en\/contact\/","title":{"rendered":"Contact"},"content":{"rendered":"<div data-elementor-type=\"wp-page\" data-elementor-id=\"4874\" class=\"elementor elementor-4874\" data-elementor-post-type=\"page\">\n\t\t\t\t<div class=\"elementor-element elementor-element-6789152 e-flex e-con-boxed e-con e-parent\" data-id=\"6789152\" data-element_type=\"container\" data-e-type=\"container\">\n\t\t\t\t\t<div class=\"e-con-inner\">\n\t\t<div class=\"elementor-element elementor-element-35875aa e-con-full e-flex e-con e-child\" data-id=\"35875aa\" data-element_type=\"container\" data-e-type=\"container\">\n\t\t\t\t<div class=\"elementor-element elementor-element-ff0a663 elementor-widget elementor-widget-image\" data-id=\"ff0a663\" data-element_type=\"widget\" data-e-type=\"widget\" data-widget_type=\"image.default\">\n\t\t\t\t\t\t\t\t\t\t\t\t\t\t\t<img fetchpriority=\"high\" decoding=\"async\" width=\"1920\" height=\"2560\" src=\"https:\/\/pzero.ro\/wp-content\/uploads\/2026\/03\/MUSE_6_WEB-scaled.jpg\" class=\"attachment-full size-full wp-image-6009\" alt=\"\" srcset=\"https:\/\/pzero.ro\/wp-content\/uploads\/2026\/03\/MUSE_6_WEB-scaled.jpg 1920w, https:\/\/pzero.ro\/wp-content\/uploads\/2026\/03\/MUSE_6_WEB-225x300.jpg 225w, https:\/\/pzero.ro\/wp-content\/uploads\/2026\/03\/MUSE_6_WEB-768x1024.jpg 768w, https:\/\/pzero.ro\/wp-content\/uploads\/2026\/03\/MUSE_6_WEB-1152x1536.jpg 1152w, https:\/\/pzero.ro\/wp-content\/uploads\/2026\/03\/MUSE_6_WEB-1536x2048.jpg 1536w, https:\/\/pzero.ro\/wp-content\/uploads\/2026\/03\/MUSE_6_WEB-600x800.jpg 600w\" sizes=\"(max-width: 1920px) 100vw, 1920px\" \/>\t\t\t\t\t\t\t\t\t\t\t\t\t\t\t<\/div>\n\t\t\t\t<\/div>\n\t\t<div class=\"elementor-element elementor-element-8da9abb e-con-full e-flex e-con e-child\" data-id=\"8da9abb\" data-element_type=\"container\" data-e-type=\"container\">\n\t\t\t\t<div class=\"elementor-element elementor-element-c1bda6c elementor-widget elementor-widget-heading\" data-id=\"c1bda6c\" data-element_type=\"widget\" data-e-type=\"widget\" data-widget_type=\"heading.default\">\n\t\t\t\t\t<h2 class=\"elementor-heading-title elementor-size-default\">Get in Touch<\/h2>\t\t\t\t<\/div>\n\t\t\t\t<div class=\"elementor-element elementor-element-a6e78f6 elementor-widget__width-initial elementor-widget elementor-widget-text-editor\" data-id=\"a6e78f6\" data-element_type=\"widget\" data-e-type=\"widget\" data-widget_type=\"text-editor.default\">\n\t\t\t\t\t\t\t\t\tYou can contact us anytime, just fill out the form.\t\t\t\t\t\t\t\t<\/div>\n\t\t\t\t<div class=\"elementor-element elementor-element-ca6d7c5 elementor-widget elementor-widget-clbr-contact-form-7-widget\" data-id=\"ca6d7c5\" data-element_type=\"widget\" data-e-type=\"widget\" data-widget_type=\"clbr-contact-form-7-widget.default\">\n\t\t\t\t<div class=\"elementor-widget-container\">\n\t\t\t\t\t\t\t<div class=\"clbr-cf7-wrapper\">\r\n\r\n\t\t\t\t\t\t\r\n\t\t\t\t\n<div class=\"wpcf7 no-js\" id=\"wpcf7-f5688-o1\" lang=\"en-US\" dir=\"ltr\" data-wpcf7-id=\"5688\">\n<div class=\"screen-reader-response\"><p role=\"status\" aria-live=\"polite\" aria-atomic=\"true\"><\/p> <ul><\/ul><\/div>\n<form action=\"\/en\/wp-json\/wp\/v2\/pages\/4874#wpcf7-f5688-o1\" method=\"post\" class=\"wpcf7-form init\" aria-label=\"Contact form\" novalidate=\"novalidate\" data-status=\"init\" data-trp-original-action=\"\/en\/wp-json\/wp\/v2\/pages\/4874#wpcf7-f5688-o1\">\n<fieldset class=\"hidden-fields-container\"><input type=\"hidden\" name=\"_wpcf7\" value=\"5688\" \/><input type=\"hidden\" name=\"_wpcf7_version\" value=\"6.1.5\" \/><input type=\"hidden\" name=\"_wpcf7_locale\" value=\"en_US\" \/><input type=\"hidden\" name=\"_wpcf7_unit_tag\" value=\"wpcf7-f5688-o1\" \/><input type=\"hidden\" name=\"_wpcf7_container_post\" value=\"0\" \/><input type=\"hidden\" name=\"_wpcf7_posted_data_hash\" value=\"\" \/>\n<\/fieldset>\n<div class=\"freelancer-contact-form\">\n\t<div class=\"form-group\">\n\t\t<p><span class=\"wpcf7-form-control-wrap\" data-name=\"your-name\"><input size=\"40\" maxlength=\"400\" class=\"wpcf7-form-control wpcf7-text wpcf7-validates-as-required\" aria-required=\"true\" aria-invalid=\"false\" placeholder=\"Name*\" value=\"\" type=\"text\" name=\"your-name\" \/><\/span><br \/>\n<span class=\"wpcf7-form-control-wrap\" data-name=\"your-email\"><input size=\"40\" maxlength=\"400\" class=\"wpcf7-form-control wpcf7-email wpcf7-validates-as-required wpcf7-text wpcf7-validates-as-email\" aria-required=\"true\" aria-invalid=\"false\" placeholder=\"Email*\" value=\"\" type=\"email\" name=\"your-email\" \/><\/span><br \/>\n<span class=\"wpcf7-form-control-wrap\" data-name=\"your-subject\"><input size=\"40\" maxlength=\"400\" class=\"wpcf7-form-control wpcf7-text wpcf7-validates-as-required\" aria-required=\"true\" aria-invalid=\"false\" placeholder=\"Subject*\" value=\"\" type=\"text\" name=\"your-subject\" \/><\/span>\n\t\t<\/p>\n\t<\/div>\n\t<p><span class=\"wpcf7-form-control-wrap\" data-name=\"your-message\"><textarea cols=\"40\" rows=\"10\" maxlength=\"2000\" class=\"wpcf7-form-control wpcf7-textarea\" aria-invalid=\"false\" placeholder=\"Message*\" name=\"your-message\"><\/textarea><\/span><br \/>\n<span class=\"wpcf7-form-control-wrap\" data-name=\"acceptance-244\"><span class=\"wpcf7-form-control wpcf7-acceptance\"><span class=\"wpcf7-list-item\"><label><input type=\"checkbox\" name=\"acceptance-244\" value=\"1\" aria-invalid=\"false\" \/><span class=\"wpcf7-list-item-label\">I agree with the processing of personal data provided in this form<\/span><\/label><\/span><\/span><\/span><br \/>\n<input class=\"wpcf7-form-control wpcf7-submit has-spinner\" type=\"submit\" value=\"Send\" \/>\n\t<\/p>\n<\/div><div class=\"wpcf7-response-output\" aria-hidden=\"true\"><\/div>\n<input type=\"hidden\" name=\"trp-form-language\" value=\"en\"\/><\/form>\n<\/div>\n\t\t\t\t\r\n\t\t\t\r\n\t\t<\/div>\r\n\r\n\t\t\t\t\t<\/div>\n\t\t\t\t<\/div>\n\t\t\t\t<\/div>\n\t\t\t\t\t<\/div>\n\t\t\t\t<\/div>\n\t\t<div class=\"elementor-element elementor-element-f2767d4 e-flex e-con-boxed e-con e-parent\" data-id=\"f2767d4\" data-element_type=\"container\" data-e-type=\"container\" data-settings=\"{&quot;background_background&quot;:&quot;classic&quot;}\">\n\t\t\t\t\t<div class=\"e-con-inner\">\n\t\t<div class=\"elementor-element elementor-element-45c0504 e-con-full e-flex e-con e-child\" data-id=\"45c0504\" data-element_type=\"container\" data-e-type=\"container\" data-settings=\"{&quot;background_background&quot;:&quot;classic&quot;}\">\n\t\t\t\t<div class=\"elementor-element elementor-element-9b54505 elementor-view-default elementor-position-block-start elementor-mobile-position-block-start elementor-widget elementor-widget-icon-box\" data-id=\"9b54505\" data-element_type=\"widget\" data-e-type=\"widget\" data-widget_type=\"icon-box.default\">\n\t\t\t\t\t\t\t<div class=\"elementor-icon-box-wrapper\">\n\n\t\t\t\t\t\t<div class=\"elementor-icon-box-icon\">\n\t\t\t\t<span  class=\"elementor-icon\">\n\t\t\t\t<svg xmlns=\"http:\/\/www.w3.org\/2000\/svg\" viewbox=\"0 0 24 24\" fill=\"currentColor\"><path d=\"M7 4V20H17V4H7ZM6 2H18C18.5523 2 19 2.44772 19 3V21C19 21.5523 18.5523 22 18 22H6C5.44772 22 5 21.5523 5 21V3C5 2.44772 5.44772 2 6 2ZM12 17C12.5523 17 13 17.4477 13 18C13 18.5523 12.5523 19 12 19C11.4477 19 11 18.5523 11 18C11 17.4477 11.4477 17 12 17Z\"><\/path><\/svg>\t\t\t\t<\/span>\n\t\t\t<\/div>\n\t\t\t\n\t\t\t\t\t\t<div class=\"elementor-icon-box-content\">\n\n\t\t\t\t\t\t\t\t\t<h4 class=\"elementor-icon-box-title\">\n\t\t\t\t\t\t<span  >\n\t\t\t\t\t\t\tPhone\t\t\t\t\t\t<\/span>\n\t\t\t\t\t<\/h4>\n\t\t\t\t\n\t\t\t\t\t\t\t\t\t<p class=\"elementor-icon-box-description\">\n\t\t\t\t\t\t<a href=\"tel:0723131895\">0723.13.18.95<\/a>  \/ \n<a href=\"tel:0742536778\">0742.53.67.78<\/a>\n\t\t\t\t\t<\/p>\n\t\t\t\t\n\t\t\t<\/div>\n\t\t\t\n\t\t<\/div>\n\t\t\t\t\t\t<\/div>\n\t\t\t\t<\/div>\n\t\t<div class=\"elementor-element elementor-element-00c18eb e-con-full e-flex e-con e-child\" data-id=\"00c18eb\" data-element_type=\"container\" data-e-type=\"container\" data-settings=\"{&quot;background_background&quot;:&quot;classic&quot;}\">\n\t\t\t\t<div class=\"elementor-element elementor-element-c6cabdc elementor-view-default elementor-position-block-start elementor-mobile-position-block-start elementor-widget elementor-widget-icon-box\" data-id=\"c6cabdc\" data-element_type=\"widget\" data-e-type=\"widget\" data-widget_type=\"icon-box.default\">\n\t\t\t\t\t\t\t<div class=\"elementor-icon-box-wrapper\">\n\n\t\t\t\t\t\t<div class=\"elementor-icon-box-icon\">\n\t\t\t\t<span  class=\"elementor-icon\">\n\t\t\t\t<svg xmlns=\"http:\/\/www.w3.org\/2000\/svg\" viewbox=\"0 0 24 24\" fill=\"currentColor\"><path d=\"M3 3H21C21.5523 3 22 3.44772 22 4V20C22 20.5523 21.5523 21 21 21H3C2.44772 21 2 20.5523 2 20V4C2 3.44772 2.44772 3 3 3ZM20 7.23792L12.0718 14.338L4 7.21594V19H20V7.23792ZM4.51146 5L12.0619 11.662L19.501 5H4.51146Z\"><\/path><\/svg>\t\t\t\t<\/span>\n\t\t\t<\/div>\n\t\t\t\n\t\t\t\t\t\t<div class=\"elementor-icon-box-content\">\n\n\t\t\t\t\t\t\t\t\t<h4 class=\"elementor-icon-box-title\">\n\t\t\t\t\t\t<span  >\n\t\t\t\t\t\t\tEmail\t\t\t\t\t\t<\/span>\n\t\t\t\t\t<\/h4>\n\t\t\t\t\n\t\t\t\t\t\t\t\t\t<p class=\"elementor-icon-box-description\">\n\t\t\t\t\t\t<a href=\"mailto:office@pzero.ro\">office@pzero.ro<\/a>\t\t\t\t\t<\/p>\n\t\t\t\t\n\t\t\t<\/div>\n\t\t\t\n\t\t<\/div>\n\t\t\t\t\t\t<\/div>\n\t\t\t\t<\/div>\n\t\t<div class=\"elementor-element elementor-element-7ec8a57 e-con-full e-flex e-con e-child\" data-id=\"7ec8a57\" data-element_type=\"container\" data-e-type=\"container\" data-settings=\"{&quot;background_background&quot;:&quot;classic&quot;}\">\n\t\t\t\t<div class=\"elementor-element elementor-element-0acb916 elementor-view-default elementor-position-block-start elementor-mobile-position-block-start elementor-widget elementor-widget-icon-box\" data-id=\"0acb916\" data-element_type=\"widget\" data-e-type=\"widget\" data-widget_type=\"icon-box.default\">\n\t\t\t\t\t\t\t<div class=\"elementor-icon-box-wrapper\">\n\n\t\t\t\t\t\t<div class=\"elementor-icon-box-icon\">\n\t\t\t\t<span  class=\"elementor-icon\">\n\t\t\t\t<svg xmlns=\"http:\/\/www.w3.org\/2000\/svg\" viewbox=\"0 0 24 24\" fill=\"currentColor\"><path d=\"M12 23.7279L5.63604 17.364C2.12132 13.8492 2.12132 8.15076 5.63604 4.63604C9.15076 1.12132 14.8492 1.12132 18.364 4.63604C21.8787 8.15076 21.8787 13.8492 18.364 17.364L12 23.7279ZM16.9497 15.9497C19.6834 13.2161 19.6834 8.78392 16.9497 6.05025C14.2161 3.31658 9.78392 3.31658 7.05025 6.05025C4.31658 8.78392 4.31658 13.2161 7.05025 15.9497L12 20.8995L16.9497 15.9497ZM12 13C10.8954 13 10 12.1046 10 11C10 9.89543 10.8954 9 12 9C13.1046 9 14 9.89543 14 11C14 12.1046 13.1046 13 12 13Z\"><\/path><\/svg>\t\t\t\t<\/span>\n\t\t\t<\/div>\n\t\t\t\n\t\t\t\t\t\t<div class=\"elementor-icon-box-content\">\n\n\t\t\t\t\t\t\t\t\t<h4 class=\"elementor-icon-box-title\">\n\t\t\t\t\t\t<span  >\n\t\t\t\t\t\t\tAddresses\t\t\t\t\t\t<\/span>\n\t\t\t\t\t<\/h4>\n\t\t\t\t\n\t\t\t\t\t\t\t\t\t<p class=\"elementor-icon-box-description\">\n\t\t\t\t\t\t<b>Business address: <\/b><a href=\"https:\/\/maps.app.goo.gl\/ot7oArGKFgoeq2yMA\" target=\"_blank\">Str. Ioan Bianu nr.27, parter, ap.2, sector 1, Bucuresti <\/a>\n<br>\n<b>Registered office:<\/b> B-dul. Ferdinand I nr.51, et. 1, ap.8, sector 2, Bucuresti\t\t\t\t\t<\/p>\n\t\t\t\t\n\t\t\t<\/div>\n\t\t\t\n\t\t<\/div>\n\t\t\t\t\t\t<\/div>\n\t\t\t\t<\/div>\n\t\t\t\t\t<\/div>\n\t\t\t\t<\/div>\n\t\t\t\t<\/div>","protected":false},"excerpt":{"rendered":"<p>Contacta\u021bi-ne Ne-ar face pl\u0103cere s\u0103 v\u0103 auzim, completa\u021bi formularul. Telefon 0723.13.18.95 \/ 0742.53.67.78 Email office@pzero.ro Adrese Punct de lucru: Str. Ioan Bianu nr.27, parter, ap.2, sector 1, Bucuresti Sediu social: B-dul. Ferdinand I nr.51, et. 1, ap.8, sector 2, Bucuresti<\/p>","protected":false},"author":1,"featured_media":0,"parent":0,"menu_order":0,"comment_status":"closed","ping_status":"closed","template":"","meta":{"footnotes":""},"class_list":["post-4874","page","type-page","status-publish","hentry"],"yoast_head":"<!-- This site is optimized with the Yoast SEO plugin v27.4 - https:\/\/yoast.com\/product\/yoast-seo-wordpress\/ -->\n<title>Contact - Point Zero<\/title>\n<meta name=\"robots\" content=\"index, follow, max-snippet:-1, max-image-preview:large, max-video-preview:-1\" \/>\n<link rel=\"canonical\" href=\"https:\/\/pzero.ro\/en\/contact\/\" \/>\n<meta property=\"og:locale\" content=\"en_US\" \/>\n<meta property=\"og:type\" content=\"article\" \/>\n<meta property=\"og:title\" content=\"Contact - Point Zero\" \/>\n<meta property=\"og:description\" content=\"Contacta\u021bi-ne Ne-ar face pl\u0103cere s\u0103 v\u0103 auzim, completa\u021bi formularul. Telefon 0723.13.18.95 \/ 0742.53.67.78 Email office@pzero.ro Adrese Punct de lucru: Str. Ioan Bianu nr.27, parter, ap.2, sector 1, Bucuresti Sediu social: B-dul. Ferdinand I nr.51, et. 1, ap.8, sector 2, Bucuresti\" \/>\n<meta property=\"og:url\" content=\"https:\/\/pzero.ro\/en\/contact\/\" \/>\n<meta property=\"og:site_name\" content=\"Point Zero\" \/>\n<meta property=\"article:publisher\" content=\"https:\/\/www.facebook.com\/pointzero.arh\/\" \/>\n<meta property=\"article:modified_time\" content=\"2026-03-06T10:54:03+00:00\" \/>\n<meta property=\"og:image\" content=\"https:\/\/pzero.ro\/wp-content\/uploads\/2026\/03\/MUSE_6_WEB-scaled.jpg\" \/>\n<meta name=\"twitter:card\" content=\"summary_large_image\" \/>\n<script type=\"application\/ld+json\" class=\"yoast-schema-graph\">{\"@context\":\"https:\\\/\\\/schema.org\",\"@graph\":[{\"@type\":\"WebPage\",\"@id\":\"https:\\\/\\\/pzero.ro\\\/contact\\\/\",\"url\":\"https:\\\/\\\/pzero.ro\\\/contact\\\/\",\"name\":\"Contact - Point Zero\",\"isPartOf\":{\"@id\":\"https:\\\/\\\/pzero.ro\\\/#website\"},\"primaryImageOfPage\":{\"@id\":\"https:\\\/\\\/pzero.ro\\\/contact\\\/#primaryimage\"},\"image\":{\"@id\":\"https:\\\/\\\/pzero.ro\\\/contact\\\/#primaryimage\"},\"thumbnailUrl\":\"https:\\\/\\\/pzero.ro\\\/wp-content\\\/uploads\\\/2026\\\/03\\\/MUSE_6_WEB-scaled.jpg\",\"datePublished\":\"2025-02-20T12:42:21+00:00\",\"dateModified\":\"2026-03-06T10:54:03+00:00\",\"breadcrumb\":{\"@id\":\"https:\\\/\\\/pzero.ro\\\/contact\\\/#breadcrumb\"},\"inLanguage\":\"en-US\",\"potentialAction\":[{\"@type\":\"ReadAction\",\"target\":[\"https:\\\/\\\/pzero.ro\\\/contact\\\/\"]}]},{\"@type\":\"ImageObject\",\"inLanguage\":\"en-US\",\"@id\":\"https:\\\/\\\/pzero.ro\\\/contact\\\/#primaryimage\",\"url\":\"https:\\\/\\\/pzero.ro\\\/wp-content\\\/uploads\\\/2026\\\/03\\\/MUSE_6_WEB-scaled.jpg\",\"contentUrl\":\"https:\\\/\\\/pzero.ro\\\/wp-content\\\/uploads\\\/2026\\\/03\\\/MUSE_6_WEB-scaled.jpg\"},{\"@type\":\"BreadcrumbList\",\"@id\":\"https:\\\/\\\/pzero.ro\\\/contact\\\/#breadcrumb\",\"itemListElement\":[{\"@type\":\"ListItem\",\"position\":1,\"name\":\"Home\",\"item\":\"https:\\\/\\\/pzero.ro\\\/\"},{\"@type\":\"ListItem\",\"position\":2,\"name\":\"Contact\"}]},{\"@type\":\"WebSite\",\"@id\":\"https:\\\/\\\/pzero.ro\\\/#website\",\"url\":\"https:\\\/\\\/pzero.ro\\\/\",\"name\":\"Point Zero\",\"description\":\"Arhitectur\u0103. Urbanism. Strategie\",\"publisher\":{\"@id\":\"https:\\\/\\\/pzero.ro\\\/#organization\"},\"potentialAction\":[{\"@type\":\"SearchAction\",\"target\":{\"@type\":\"EntryPoint\",\"urlTemplate\":\"https:\\\/\\\/pzero.ro\\\/?s={search_term_string}\"},\"query-input\":{\"@type\":\"PropertyValueSpecification\",\"valueRequired\":true,\"valueName\":\"search_term_string\"}}],\"inLanguage\":\"en-US\"},{\"@type\":\"Organization\",\"@id\":\"https:\\\/\\\/pzero.ro\\\/#organization\",\"name\":\"Point Zero\",\"url\":\"https:\\\/\\\/pzero.ro\\\/\",\"logo\":{\"@type\":\"ImageObject\",\"inLanguage\":\"en-US\",\"@id\":\"https:\\\/\\\/pzero.ro\\\/#\\\/schema\\\/logo\\\/image\\\/\",\"url\":\"https:\\\/\\\/pzero.ro\\\/wp-content\\\/uploads\\\/2026\\\/03\\\/logo-PZ_curves_mini.png\",\"contentUrl\":\"https:\\\/\\\/pzero.ro\\\/wp-content\\\/uploads\\\/2026\\\/03\\\/logo-PZ_curves_mini.png\",\"width\":250,\"height\":250,\"caption\":\"Point Zero\"},\"image\":{\"@id\":\"https:\\\/\\\/pzero.ro\\\/#\\\/schema\\\/logo\\\/image\\\/\"},\"sameAs\":[\"https:\\\/\\\/www.facebook.com\\\/pointzero.arh\\\/\",\"https:\\\/\\\/www.instagram.com\\\/point_zero_\\\/\"]}]}<\/script>\n<!-- \/ Yoast SEO plugin. -->","yoast_head_json":{"title":"Contact - Point Zero","robots":{"index":"index","follow":"follow","max-snippet":"max-snippet:-1","max-image-preview":"max-image-preview:large","max-video-preview":"max-video-preview:-1"},"canonical":"https:\/\/pzero.ro\/en\/contact\/","og_locale":"en_US","og_type":"article","og_title":"Contact - Point Zero","og_description":"Contacta\u021bi-ne Ne-ar face pl\u0103cere s\u0103 v\u0103 auzim, completa\u021bi formularul. Telefon 0723.13.18.95 \/ 0742.53.67.78 Email office@pzero.ro Adrese Punct de lucru: Str. Ioan Bianu nr.27, parter, ap.2, sector 1, Bucuresti Sediu social: B-dul. Ferdinand I nr.51, et. 1, ap.8, sector 2, Bucuresti","og_url":"https:\/\/pzero.ro\/en\/contact\/","og_site_name":"Point Zero","article_publisher":"https:\/\/www.facebook.com\/pointzero.arh\/","article_modified_time":"2026-03-06T10:54:03+00:00","og_image":[{"url":"https:\/\/pzero.ro\/wp-content\/uploads\/2026\/03\/MUSE_6_WEB-scaled.jpg","type":"","width":"","height":""}],"twitter_card":"summary_large_image","schema":{"@context":"https:\/\/schema.org","@graph":[{"@type":"WebPage","@id":"https:\/\/pzero.ro\/contact\/","url":"https:\/\/pzero.ro\/contact\/","name":"Contact - Point Zero","isPartOf":{"@id":"https:\/\/pzero.ro\/#website"},"primaryImageOfPage":{"@id":"https:\/\/pzero.ro\/contact\/#primaryimage"},"image":{"@id":"https:\/\/pzero.ro\/contact\/#primaryimage"},"thumbnailUrl":"https:\/\/pzero.ro\/wp-content\/uploads\/2026\/03\/MUSE_6_WEB-scaled.jpg","datePublished":"2025-02-20T12:42:21+00:00","dateModified":"2026-03-06T10:54:03+00:00","breadcrumb":{"@id":"https:\/\/pzero.ro\/contact\/#breadcrumb"},"inLanguage":"en-US","potentialAction":[{"@type":"ReadAction","target":["https:\/\/pzero.ro\/contact\/"]}]},{"@type":"ImageObject","inLanguage":"en-US","@id":"https:\/\/pzero.ro\/contact\/#primaryimage","url":"https:\/\/pzero.ro\/wp-content\/uploads\/2026\/03\/MUSE_6_WEB-scaled.jpg","contentUrl":"https:\/\/pzero.ro\/wp-content\/uploads\/2026\/03\/MUSE_6_WEB-scaled.jpg"},{"@type":"BreadcrumbList","@id":"https:\/\/pzero.ro\/contact\/#breadcrumb","itemListElement":[{"@type":"ListItem","position":1,"name":"Home","item":"https:\/\/pzero.ro\/"},{"@type":"ListItem","position":2,"name":"Contact"}]},{"@type":"WebSite","@id":"https:\/\/pzero.ro\/#website","url":"https:\/\/pzero.ro\/","name":"Point Zero","description":"Arhitectur\u0103. Urbanism. Strategie","publisher":{"@id":"https:\/\/pzero.ro\/#organization"},"potentialAction":[{"@type":"SearchAction","target":{"@type":"EntryPoint","urlTemplate":"https:\/\/pzero.ro\/?s={search_term_string}"},"query-input":{"@type":"PropertyValueSpecification","valueRequired":true,"valueName":"search_term_string"}}],"inLanguage":"en-US"},{"@type":"Organization","@id":"https:\/\/pzero.ro\/#organization","name":"Point Zero","url":"https:\/\/pzero.ro\/","logo":{"@type":"ImageObject","inLanguage":"en-US","@id":"https:\/\/pzero.ro\/#\/schema\/logo\/image\/","url":"https:\/\/pzero.ro\/wp-content\/uploads\/2026\/03\/logo-PZ_curves_mini.png","contentUrl":"https:\/\/pzero.ro\/wp-content\/uploads\/2026\/03\/logo-PZ_curves_mini.png","width":250,"height":250,"caption":"Point Zero"},"image":{"@id":"https:\/\/pzero.ro\/#\/schema\/logo\/image\/"},"sameAs":["https:\/\/www.facebook.com\/pointzero.arh\/","https:\/\/www.instagram.com\/point_zero_\/"]}]}},"_links":{"self":[{"href":"https:\/\/pzero.ro\/en\/wp-json\/wp\/v2\/pages\/4874","targetHints":{"allow":["GET"]}}],"collection":[{"href":"https:\/\/pzero.ro\/en\/wp-json\/wp\/v2\/pages"}],"about":[{"href":"https:\/\/pzero.ro\/en\/wp-json\/wp\/v2\/types\/page"}],"author":[{"embeddable":true,"href":"https:\/\/pzero.ro\/en\/wp-json\/wp\/v2\/users\/1"}],"replies":[{"embeddable":true,"href":"https:\/\/pzero.ro\/en\/wp-json\/wp\/v2\/comments?post=4874"}],"version-history":[{"count":59,"href":"https:\/\/pzero.ro\/en\/wp-json\/wp\/v2\/pages\/4874\/revisions"}],"predecessor-version":[{"id":6390,"href":"https:\/\/pzero.ro\/en\/wp-json\/wp\/v2\/pages\/4874\/revisions\/6390"}],"wp:attachment":[{"href":"https:\/\/pzero.ro\/en\/wp-json\/wp\/v2\/media?parent=4874"}],"curies":[{"name":"wp","href":"https:\/\/api.w.org\/{rel}","templated":true}]}}