{"id":6280,"date":"2026-03-06T11:00:24","date_gmt":"2026-03-06T11:00:24","guid":{"rendered":"https:\/\/pzero.ro\/?page_id=6280"},"modified":"2026-04-20T10:44:24","modified_gmt":"2026-04-20T07:44:24","slug":"termeni-si-conditii","status":"publish","type":"page","link":"https:\/\/pzero.ro\/en\/termeni-si-conditii\/","title":{"rendered":"Termeni \u0219i condi\u021bii"},"content":{"rendered":"<h1 class=\"wp-block-heading\">Termeni \u0219i condi\u021bii<\/h1>\n\n\n\n<p>Vizitarea sau folosirea site-ului pzero.ro implica acceptarea Conditiilor de utilizare ce vor fi detaliate mai jos. Pentru folosirea in bune conditii a site-ului, se recomanda citirea cu atentie a Termenilor si Conditiilor.<br><br>pzero.ro este administrat de Point Zero srl cu sediul in Bucuresti, Bdul. Ferdinand I 51 Et. 1 Ap. 8 Cod 021382, inregistrata la Registrul Comertului cu nr J40\/16390\/2005, CUI RO17992973. Ne rezervam dreptul de a efectua modificari ale acestor Termeni si Conditii precum si orice modificari site-ului pzero.ro fara o notificare prealabila. Accesand pagina Termeni si Conditii, puteti citi intotdeauna cea mai recenta versiune a acestor prevederi.<\/p>\n\n\n\n<p>Serviciile oferite de Point Zero srl constau \u00een prest\u0103ri de servicii de arhitectur\u0103 (consultanta, concept, proiectare etc.). Livrarea se realizeaz\u0103 \u00een format digital (PDF, DWG sau alte formate agreate) prin email sau platforme online. <br><br>Termenul de livrare variaz\u0103 \u00een func\u021bie de complexitatea proiectului \u0219i este comunicat clientului \u00een oferta comercial\u0103 sau contract. <br>Pentru proiectele complexe, livrarea se face etapizat (concept, proiect tehnic etc.), conform agreat cu clientul.<br><br>Av\u00e2nd \u00een vedere natura serviciilor prestate (servicii personalizate de arhitectur\u0103), acestea nu pot fi returnate dup\u0103 livrare. <br>Conform legisla\u021biei \u00een vigoare, serviciile personalizate, executate conform cerin\u021belor clientului, nu beneficiaz\u0103 de drept de retur. <br>Eventualele neconformit\u0103\u021bi vor fi analizate \u0219i remediate \u00een m\u0103sura posibilit\u0103\u021bilor, \u00een baza unei notific\u0103ri scrise din partea clientului.<br><br>Clientul poate solicita anularea serviciilor \u00eenainte de \u00eenceperea efectiv\u0103 a lucr\u0103rilor, cu notificare scris\u0103. \u00cen cazul \u00een care serviciile au \u00eenceput, suma achitat\u0103 poate fi: <br>\u2022 par\u021bial rambursat\u0103, propor\u021bional cu stadiul lucr\u0103rii <br>\u2022 sau nerambursabil\u0103 pentru etapele deja executate <br>Dup\u0103 livrarea serviciilor, anularea nu mai este posibil\u0103.<br><br>Prestarea serviciilor \u00eencepe dup\u0103 confirmarea pl\u0103\u021bii \u0219i acceptarea ofertei de c\u0103tre client.<br><br><strong>Drepturile de autor (Copyright)<\/strong><br>Intregul continut al site-ului pzero.ro, incluzand, texte, imagini, grafice, elemente de grafica web, scripturi si orice alte date, este proprietatea Point Zero SRL sau a furnizorilor sai si este protejat conform Legii drepturilor de autor si legilor privind dreptul de proprietate intelectuala si industriala. Folosirea fara acordul scris a oricaror elemente de pe site-ul www.pzero.ro, sau a oricaror elemente enumerate mai sus se pedepseste conform legilor in vigoare. Pentru a reclama drepturile de proprietate intelectuala puteti folosi pagina de <a href=\"https:\/\/pzero.ro\/en\/contact\/\">contact<\/a>.<\/p>\n\n\n\n<p><br><strong>Limitari privind utilizarea anumitor tehnici de comunicatie la distanta<\/strong><br>Urmatoarele tehnici de comunicatie la distanta necesita acordul prealabil al consumatorului: <br>a) sistem automatizat de apel fara interventie umana (automat de apel); <br>b) telefon cu interventie umana; <br>c) adresa de posta electronica (e-mail) <br>d) imprimat neadresat; <br>e) imprimat adresat; <br>f) scrisoare tipizata;<\/p>\n\n\n\n<p><br>Fiind de acord cu acesti Termeni si Conditii clientul isi asuma in totalitate drepturile si obligatiile site-ului pzero.ro.<\/p>","protected":false},"excerpt":{"rendered":"<p>Termeni \u0219i condi\u021bii Vizitarea sau folosirea site-ului pzero.ro implica acceptarea Conditiilor de utilizare ce vor fi detaliate mai jos. Pentru folosirea in bune conditii a site-ului, se recomanda citirea cu atentie a Termenilor si Conditiilor. pzero.ro este administrat de Point Zero srl cu sediul in Bucuresti, Bdul. Ferdinand I 51 Et. 1 Ap. 8 Cod [&hellip;]<\/p>\n","protected":false},"author":1,"featured_media":0,"parent":0,"menu_order":0,"comment_status":"closed","ping_status":"closed","template":"","meta":{"footnotes":""},"class_list":["post-6280","page","type-page","status-publish","hentry"],"yoast_head":"<!-- This site is optimized with the Yoast SEO plugin v27.4 - https:\/\/yoast.com\/product\/yoast-seo-wordpress\/ -->\n<title>Termeni \u0219i condi\u021bii - Point Zero<\/title>\n<meta name=\"robots\" content=\"index, follow, max-snippet:-1, max-image-preview:large, max-video-preview:-1\" \/>\n<link rel=\"canonical\" href=\"https:\/\/pzero.ro\/en\/termeni-si-conditii\/\" \/>\n<meta property=\"og:locale\" content=\"en_US\" \/>\n<meta property=\"og:type\" content=\"article\" \/>\n<meta property=\"og:title\" content=\"Termeni \u0219i condi\u021bii - Point Zero\" \/>\n<meta property=\"og:description\" content=\"Termeni \u0219i condi\u021bii Vizitarea sau folosirea site-ului pzero.ro implica acceptarea Conditiilor de utilizare ce vor fi detaliate mai jos. Pentru folosirea in bune conditii a site-ului, se recomanda citirea cu atentie a Termenilor si Conditiilor. pzero.ro este administrat de Point Zero srl cu sediul in Bucuresti, Bdul. Ferdinand I 51 Et. 1 Ap. 8 Cod [&hellip;]\" \/>\n<meta property=\"og:url\" content=\"https:\/\/pzero.ro\/en\/termeni-si-conditii\/\" \/>\n<meta property=\"og:site_name\" content=\"Point Zero\" \/>\n<meta property=\"article:publisher\" content=\"https:\/\/www.facebook.com\/pointzero.arh\/\" \/>\n<meta property=\"article:modified_time\" content=\"2026-04-20T07:44:24+00:00\" \/>\n<meta name=\"twitter:card\" content=\"summary_large_image\" \/>\n<meta name=\"twitter:label1\" content=\"Est. reading time\" \/>\n\t<meta name=\"twitter:data1\" content=\"2 minutes\" \/>\n<script type=\"application\/ld+json\" class=\"yoast-schema-graph\">{\"@context\":\"https:\\\/\\\/schema.org\",\"@graph\":[{\"@type\":\"WebPage\",\"@id\":\"https:\\\/\\\/pzero.ro\\\/termeni-si-conditii\\\/\",\"url\":\"https:\\\/\\\/pzero.ro\\\/termeni-si-conditii\\\/\",\"name\":\"Termeni \u0219i condi\u021bii - Point Zero\",\"isPartOf\":{\"@id\":\"https:\\\/\\\/pzero.ro\\\/#website\"},\"datePublished\":\"2026-03-06T11:00:24+00:00\",\"dateModified\":\"2026-04-20T07:44:24+00:00\",\"breadcrumb\":{\"@id\":\"https:\\\/\\\/pzero.ro\\\/termeni-si-conditii\\\/#breadcrumb\"},\"inLanguage\":\"en-US\",\"potentialAction\":[{\"@type\":\"ReadAction\",\"target\":[\"https:\\\/\\\/pzero.ro\\\/termeni-si-conditii\\\/\"]}]},{\"@type\":\"BreadcrumbList\",\"@id\":\"https:\\\/\\\/pzero.ro\\\/termeni-si-conditii\\\/#breadcrumb\",\"itemListElement\":[{\"@type\":\"ListItem\",\"position\":1,\"name\":\"Home\",\"item\":\"https:\\\/\\\/pzero.ro\\\/\"},{\"@type\":\"ListItem\",\"position\":2,\"name\":\"Termeni \u0219i condi\u021bii\"}]},{\"@type\":\"WebSite\",\"@id\":\"https:\\\/\\\/pzero.ro\\\/#website\",\"url\":\"https:\\\/\\\/pzero.ro\\\/\",\"name\":\"Point Zero\",\"description\":\"Arhitectur\u0103. Urbanism. Strategie\",\"publisher\":{\"@id\":\"https:\\\/\\\/pzero.ro\\\/#organization\"},\"potentialAction\":[{\"@type\":\"SearchAction\",\"target\":{\"@type\":\"EntryPoint\",\"urlTemplate\":\"https:\\\/\\\/pzero.ro\\\/?s={search_term_string}\"},\"query-input\":{\"@type\":\"PropertyValueSpecification\",\"valueRequired\":true,\"valueName\":\"search_term_string\"}}],\"inLanguage\":\"en-US\"},{\"@type\":\"Organization\",\"@id\":\"https:\\\/\\\/pzero.ro\\\/#organization\",\"name\":\"Point Zero\",\"url\":\"https:\\\/\\\/pzero.ro\\\/\",\"logo\":{\"@type\":\"ImageObject\",\"inLanguage\":\"en-US\",\"@id\":\"https:\\\/\\\/pzero.ro\\\/#\\\/schema\\\/logo\\\/image\\\/\",\"url\":\"https:\\\/\\\/pzero.ro\\\/wp-content\\\/uploads\\\/2026\\\/03\\\/logo-PZ_curves_mini.png\",\"contentUrl\":\"https:\\\/\\\/pzero.ro\\\/wp-content\\\/uploads\\\/2026\\\/03\\\/logo-PZ_curves_mini.png\",\"width\":250,\"height\":250,\"caption\":\"Point Zero\"},\"image\":{\"@id\":\"https:\\\/\\\/pzero.ro\\\/#\\\/schema\\\/logo\\\/image\\\/\"},\"sameAs\":[\"https:\\\/\\\/www.facebook.com\\\/pointzero.arh\\\/\",\"https:\\\/\\\/www.instagram.com\\\/point_zero_\\\/\"]}]}<\/script>\n<!-- \/ Yoast SEO plugin. -->","yoast_head_json":{"title":"Termeni \u0219i condi\u021bii - Point Zero","robots":{"index":"index","follow":"follow","max-snippet":"max-snippet:-1","max-image-preview":"max-image-preview:large","max-video-preview":"max-video-preview:-1"},"canonical":"https:\/\/pzero.ro\/en\/termeni-si-conditii\/","og_locale":"en_US","og_type":"article","og_title":"Termeni \u0219i condi\u021bii - Point Zero","og_description":"Termeni \u0219i condi\u021bii Vizitarea sau folosirea site-ului pzero.ro implica acceptarea Conditiilor de utilizare ce vor fi detaliate mai jos. Pentru folosirea in bune conditii a site-ului, se recomanda citirea cu atentie a Termenilor si Conditiilor. pzero.ro este administrat de Point Zero srl cu sediul in Bucuresti, Bdul. Ferdinand I 51 Et. 1 Ap. 8 Cod [&hellip;]","og_url":"https:\/\/pzero.ro\/en\/termeni-si-conditii\/","og_site_name":"Point Zero","article_publisher":"https:\/\/www.facebook.com\/pointzero.arh\/","article_modified_time":"2026-04-20T07:44:24+00:00","twitter_card":"summary_large_image","twitter_misc":{"Est. reading time":"2 minutes"},"schema":{"@context":"https:\/\/schema.org","@graph":[{"@type":"WebPage","@id":"https:\/\/pzero.ro\/termeni-si-conditii\/","url":"https:\/\/pzero.ro\/termeni-si-conditii\/","name":"Termeni \u0219i condi\u021bii - Point Zero","isPartOf":{"@id":"https:\/\/pzero.ro\/#website"},"datePublished":"2026-03-06T11:00:24+00:00","dateModified":"2026-04-20T07:44:24+00:00","breadcrumb":{"@id":"https:\/\/pzero.ro\/termeni-si-conditii\/#breadcrumb"},"inLanguage":"en-US","potentialAction":[{"@type":"ReadAction","target":["https:\/\/pzero.ro\/termeni-si-conditii\/"]}]},{"@type":"BreadcrumbList","@id":"https:\/\/pzero.ro\/termeni-si-conditii\/#breadcrumb","itemListElement":[{"@type":"ListItem","position":1,"name":"Home","item":"https:\/\/pzero.ro\/"},{"@type":"ListItem","position":2,"name":"Termeni \u0219i condi\u021bii"}]},{"@type":"WebSite","@id":"https:\/\/pzero.ro\/#website","url":"https:\/\/pzero.ro\/","name":"Point Zero","description":"Arhitectur\u0103. Urbanism. Strategie","publisher":{"@id":"https:\/\/pzero.ro\/#organization"},"potentialAction":[{"@type":"SearchAction","target":{"@type":"EntryPoint","urlTemplate":"https:\/\/pzero.ro\/?s={search_term_string}"},"query-input":{"@type":"PropertyValueSpecification","valueRequired":true,"valueName":"search_term_string"}}],"inLanguage":"en-US"},{"@type":"Organization","@id":"https:\/\/pzero.ro\/#organization","name":"Point Zero","url":"https:\/\/pzero.ro\/","logo":{"@type":"ImageObject","inLanguage":"en-US","@id":"https:\/\/pzero.ro\/#\/schema\/logo\/image\/","url":"https:\/\/pzero.ro\/wp-content\/uploads\/2026\/03\/logo-PZ_curves_mini.png","contentUrl":"https:\/\/pzero.ro\/wp-content\/uploads\/2026\/03\/logo-PZ_curves_mini.png","width":250,"height":250,"caption":"Point Zero"},"image":{"@id":"https:\/\/pzero.ro\/#\/schema\/logo\/image\/"},"sameAs":["https:\/\/www.facebook.com\/pointzero.arh\/","https:\/\/www.instagram.com\/point_zero_\/"]}]}},"_links":{"self":[{"href":"https:\/\/pzero.ro\/en\/wp-json\/wp\/v2\/pages\/6280","targetHints":{"allow":["GET"]}}],"collection":[{"href":"https:\/\/pzero.ro\/en\/wp-json\/wp\/v2\/pages"}],"about":[{"href":"https:\/\/pzero.ro\/en\/wp-json\/wp\/v2\/types\/page"}],"author":[{"embeddable":true,"href":"https:\/\/pzero.ro\/en\/wp-json\/wp\/v2\/users\/1"}],"replies":[{"embeddable":true,"href":"https:\/\/pzero.ro\/en\/wp-json\/wp\/v2\/comments?post=6280"}],"version-history":[{"count":7,"href":"https:\/\/pzero.ro\/en\/wp-json\/wp\/v2\/pages\/6280\/revisions"}],"predecessor-version":[{"id":6433,"href":"https:\/\/pzero.ro\/en\/wp-json\/wp\/v2\/pages\/6280\/revisions\/6433"}],"wp:attachment":[{"href":"https:\/\/pzero.ro\/en\/wp-json\/wp\/v2\/media?parent=6280"}],"curies":[{"name":"wp","href":"https:\/\/api.w.org\/{rel}","templated":true}]}}