{"id":6281,"date":"2026-03-06T11:00:33","date_gmt":"2026-03-06T11:00:33","guid":{"rendered":"https:\/\/pzero.ro\/?page_id=6281"},"modified":"2026-04-17T11:51:48","modified_gmt":"2026-04-17T08:51:48","slug":"politica-cookies","status":"publish","type":"page","link":"https:\/\/pzero.ro\/en\/politica-cookies\/","title":{"rendered":"Politica cookies"},"content":{"rendered":"<h1 class=\"wp-block-heading\">Politica cookies<\/h1>\n\n\n\n<p><strong>Ce sunt Cookie-urile?<br><\/strong>Cookie-ul este un fi\u015fier text de mici dimensiuni ce se salveaz\u0103 \u00een calculatorul sau dispozitivul dumneavoastr\u0103 mobil atunci c\u00e2nd vizita\u0163i un site. Datorit\u0103 Cookie-urilor, site-ul re\u0163ine, pe o anumit\u0103 perioad\u0103 de timp, ac\u0163iunile \u015fi preferin\u0163ele dumneavoastr\u0103 (ex. login, limb\u0103, dimensiunea caracterelor \u015fi alte preferin\u0163e de afi\u015fare). Astfel nu mai este nevoie s\u0103 le reintroduce\u0163i ori de c\u00e2te ori reveni\u0163i la site sau naviga\u0163i de pe o pagin\u0103 pe alta.<\/p>\n\n\n\n<p><strong>Ce Cookie-uri folosim?<br><\/strong>Folosim dou\u0103 tipuri de Cookie-uri: per sesiune si fixe. Cele dint\u00e2i sunt fi\u015fiere temporare ce r\u0103m\u00e2n \u00een terminalul utilizatorului p\u00e2n\u0103 la \u00eencheierea sesiunii sau \u00eenchiderea aplica\u0163iei (browser-ului web). Fi\u015fierele fixe r\u0103m\u00e2n pe terminalul utilizatorului pentru o anumit\u0103 perioad\u0103 \u00een parametrii Cookie-ului sau p\u00e2n\u0103 sunt \u015fterse manual de utilizator.<\/p>\n\n\n\n<p><strong>Cum sunt folosite Cookie-urile de c\u0103tre acest site?<br><\/strong>O vizit\u0103 pe acest site poate plasa urm\u0103toarele Cookie-uri:<\/p>\n\n\n\n<p>Cookie-uri de performan\u0163\u0103 a site-ului<br>Cookie-uri de analiz\u0103 a vizitatorilor<br>Cookie-uri pentru geotargetting<br>Cookie-uri de \u00eenregistrare<br>Cookie-uri pentru publicitate<br>Cookie-uri ale furnizorilor de publicitate<br>\u015etergerea Cookie-urilor<br>Pute\u0163i controla \u015fi\/sau \u015fterge Cookie-urile dup\u0103 cum dori\u0163i \u2013 pentru detalii, consulta\u0163i site-ul aboutcookies.org. Pute\u021bi \u0219terge toate Cookie-urile din calculatorul dumneavoastr\u0103 \u0219i pute\u021bi seta majoritatea browserelor s\u0103 blocheze plasarea acestora. Dac\u0103 face\u0163i acest lucru, este posibil s\u0103 fi\u0163i nevoit s\u0103 seta\u0163i manual unele preferin\u0163e, de fiecare dat\u0103 c\u00e2nd vizita\u0163i site-ul. De asemenea, s-ar putea ca unele servicii sau op\u0163iuni s\u0103 nu func\u0163ioneze.<\/p>\n\n\n\n<p><strong>De ce sunt Cookie-urile importante pentru Internet?<br><\/strong>Cookie-urile reprezint\u0103 punctul central al func\u0163ion\u0103rii eficiente a Internetului, ajut\u00e2nd la generarea unei experien\u0163e de navigare prietenoase \u015fi adaptate preferin\u0163elor \u015fi intereselor fiec\u0103rui utilizator. Refuzarea sau dezactivarea Cookie-urilor poate face unele site-uri imposibil de folosit.<\/p>\n\n\n\n<p>Refuzarea sau dezactivarea Cookie-urilor nu \u00eenseamn\u0103 c\u0103 nu ve\u0163i mai fi expus publicit\u0103\u0163ii online \u2013 ci doar c\u0103 aceasta nu va mai putea \u0163ine cont de preferin\u0163ele \u015fi interesele dvs, eviden\u0163iate prin comportamentul de navigare.<\/p>\n\n\n\n<p><strong>Linkuri utile<br><\/strong>Este posibil s\u0103 face\u0163i set\u0103rile necesare din browser pentru ca aceste Cookie-uri s\u0103 nu mai fie acceptate sau pute\u0163i seta browser-ul s\u0103 accepte Cookie-uri de la un site anume.<\/p>\n\n\n\n<p>Toate browserele moderne ofer\u0103 posibilitatea de a schimba set\u0103rile Cookie-urilor. Aceste set\u0103ri se g\u0103sesc de regul\u0103 \u00een \u201cop\u0163iuni\u201d sau \u00een meniul de \u201cpreferin\u0163e\u201d al browser-ului dvs.<\/p>\n\n\n\n<p>Pentru a \u00een\u0163elege aceste set\u0103ri, urm\u0103toarele linkuri pot fi utile, altfel pute\u0163i folosi op\u0163iunea \u201cajutor\u201d a browser-ului pentru mai multe detalii.<\/p>\n\n\n\n<p><a href=\"https:\/\/support.microsoft.com\/en-us\/help\/4027947\/microsoft-edge-delete-cookies\">Cookie settings in Edge<\/a><\/p>\n\n\n\n<p><a href=\"https:\/\/support.mozilla.org\/en-US\/kb\/cookies-information-websites-store-on-your-computer?redirectlocale=en-US&amp;redirectslug=Cookies\">Cookie settings in Firefox<\/a><\/p>\n\n\n\n<p><a href=\"https:\/\/support.google.com\/chrome\/answer\/95647?hl=en\">Cookie settings in Chrome<\/a><\/p>\n\n\n\n<p><a href=\"http:\/\/support.apple.com\/kb\/PH5042\">Cookie settings in Safari<\/a><\/p>\n\n\n\n<p>Pentru set\u0103rile Cookie-urilor generate de ter\u0163i, pute\u0163i consulta \u015fi <a href=\"http:\/\/www.youronlinechoices.com\/ro\/\">aici<\/a>.<\/p>","protected":false},"excerpt":{"rendered":"<p>Politica cookies Ce sunt Cookie-urile?Cookie-ul este un fi\u015fier text de mici dimensiuni ce se salveaz\u0103 \u00een calculatorul sau dispozitivul dumneavoastr\u0103 mobil atunci c\u00e2nd vizita\u0163i un site. Datorit\u0103 Cookie-urilor, site-ul re\u0163ine, pe o anumit\u0103 perioad\u0103 de timp, ac\u0163iunile \u015fi preferin\u0163ele dumneavoastr\u0103 (ex. login, limb\u0103, dimensiunea caracterelor \u015fi alte preferin\u0163e de afi\u015fare). Astfel nu mai este nevoie [&hellip;]<\/p>\n","protected":false},"author":1,"featured_media":0,"parent":0,"menu_order":0,"comment_status":"closed","ping_status":"closed","template":"","meta":{"footnotes":""},"class_list":["post-6281","page","type-page","status-publish","hentry"],"yoast_head":"<!-- This site is optimized with the Yoast SEO plugin v27.4 - https:\/\/yoast.com\/product\/yoast-seo-wordpress\/ -->\n<title>Politica cookies - Point Zero<\/title>\n<meta name=\"robots\" content=\"index, follow, max-snippet:-1, max-image-preview:large, max-video-preview:-1\" \/>\n<link rel=\"canonical\" href=\"https:\/\/pzero.ro\/en\/politica-cookies\/\" \/>\n<meta property=\"og:locale\" content=\"en_US\" \/>\n<meta property=\"og:type\" content=\"article\" \/>\n<meta property=\"og:title\" content=\"Politica cookies - Point Zero\" \/>\n<meta property=\"og:description\" content=\"Politica cookies Ce sunt Cookie-urile?Cookie-ul este un fi\u015fier text de mici dimensiuni ce se salveaz\u0103 \u00een calculatorul sau dispozitivul dumneavoastr\u0103 mobil atunci c\u00e2nd vizita\u0163i un site. Datorit\u0103 Cookie-urilor, site-ul re\u0163ine, pe o anumit\u0103 perioad\u0103 de timp, ac\u0163iunile \u015fi preferin\u0163ele dumneavoastr\u0103 (ex. login, limb\u0103, dimensiunea caracterelor \u015fi alte preferin\u0163e de afi\u015fare). Astfel nu mai este nevoie [&hellip;]\" \/>\n<meta property=\"og:url\" content=\"https:\/\/pzero.ro\/en\/politica-cookies\/\" \/>\n<meta property=\"og:site_name\" content=\"Point Zero\" \/>\n<meta property=\"article:publisher\" content=\"https:\/\/www.facebook.com\/pointzero.arh\/\" \/>\n<meta property=\"article:modified_time\" content=\"2026-04-17T08:51:48+00:00\" \/>\n<meta name=\"twitter:card\" content=\"summary_large_image\" \/>\n<meta name=\"twitter:label1\" content=\"Est. reading time\" \/>\n\t<meta name=\"twitter:data1\" content=\"2 minutes\" \/>\n<script type=\"application\/ld+json\" class=\"yoast-schema-graph\">{\"@context\":\"https:\\\/\\\/schema.org\",\"@graph\":[{\"@type\":\"WebPage\",\"@id\":\"https:\\\/\\\/pzero.ro\\\/politica-cookies\\\/\",\"url\":\"https:\\\/\\\/pzero.ro\\\/politica-cookies\\\/\",\"name\":\"Politica cookies - Point Zero\",\"isPartOf\":{\"@id\":\"https:\\\/\\\/pzero.ro\\\/#website\"},\"datePublished\":\"2026-03-06T11:00:33+00:00\",\"dateModified\":\"2026-04-17T08:51:48+00:00\",\"breadcrumb\":{\"@id\":\"https:\\\/\\\/pzero.ro\\\/politica-cookies\\\/#breadcrumb\"},\"inLanguage\":\"en-US\",\"potentialAction\":[{\"@type\":\"ReadAction\",\"target\":[\"https:\\\/\\\/pzero.ro\\\/politica-cookies\\\/\"]}]},{\"@type\":\"BreadcrumbList\",\"@id\":\"https:\\\/\\\/pzero.ro\\\/politica-cookies\\\/#breadcrumb\",\"itemListElement\":[{\"@type\":\"ListItem\",\"position\":1,\"name\":\"Home\",\"item\":\"https:\\\/\\\/pzero.ro\\\/\"},{\"@type\":\"ListItem\",\"position\":2,\"name\":\"Politica cookies\"}]},{\"@type\":\"WebSite\",\"@id\":\"https:\\\/\\\/pzero.ro\\\/#website\",\"url\":\"https:\\\/\\\/pzero.ro\\\/\",\"name\":\"Point Zero\",\"description\":\"Arhitectur\u0103. Urbanism. Strategie\",\"publisher\":{\"@id\":\"https:\\\/\\\/pzero.ro\\\/#organization\"},\"potentialAction\":[{\"@type\":\"SearchAction\",\"target\":{\"@type\":\"EntryPoint\",\"urlTemplate\":\"https:\\\/\\\/pzero.ro\\\/?s={search_term_string}\"},\"query-input\":{\"@type\":\"PropertyValueSpecification\",\"valueRequired\":true,\"valueName\":\"search_term_string\"}}],\"inLanguage\":\"en-US\"},{\"@type\":\"Organization\",\"@id\":\"https:\\\/\\\/pzero.ro\\\/#organization\",\"name\":\"Point Zero\",\"url\":\"https:\\\/\\\/pzero.ro\\\/\",\"logo\":{\"@type\":\"ImageObject\",\"inLanguage\":\"en-US\",\"@id\":\"https:\\\/\\\/pzero.ro\\\/#\\\/schema\\\/logo\\\/image\\\/\",\"url\":\"https:\\\/\\\/pzero.ro\\\/wp-content\\\/uploads\\\/2026\\\/03\\\/logo-PZ_curves_mini.png\",\"contentUrl\":\"https:\\\/\\\/pzero.ro\\\/wp-content\\\/uploads\\\/2026\\\/03\\\/logo-PZ_curves_mini.png\",\"width\":250,\"height\":250,\"caption\":\"Point Zero\"},\"image\":{\"@id\":\"https:\\\/\\\/pzero.ro\\\/#\\\/schema\\\/logo\\\/image\\\/\"},\"sameAs\":[\"https:\\\/\\\/www.facebook.com\\\/pointzero.arh\\\/\",\"https:\\\/\\\/www.instagram.com\\\/point_zero_\\\/\"]}]}<\/script>\n<!-- \/ Yoast SEO plugin. -->","yoast_head_json":{"title":"Politica cookies - Point Zero","robots":{"index":"index","follow":"follow","max-snippet":"max-snippet:-1","max-image-preview":"max-image-preview:large","max-video-preview":"max-video-preview:-1"},"canonical":"https:\/\/pzero.ro\/en\/politica-cookies\/","og_locale":"en_US","og_type":"article","og_title":"Politica cookies - Point Zero","og_description":"Politica cookies Ce sunt Cookie-urile?Cookie-ul este un fi\u015fier text de mici dimensiuni ce se salveaz\u0103 \u00een calculatorul sau dispozitivul dumneavoastr\u0103 mobil atunci c\u00e2nd vizita\u0163i un site. Datorit\u0103 Cookie-urilor, site-ul re\u0163ine, pe o anumit\u0103 perioad\u0103 de timp, ac\u0163iunile \u015fi preferin\u0163ele dumneavoastr\u0103 (ex. login, limb\u0103, dimensiunea caracterelor \u015fi alte preferin\u0163e de afi\u015fare). Astfel nu mai este nevoie [&hellip;]","og_url":"https:\/\/pzero.ro\/en\/politica-cookies\/","og_site_name":"Point Zero","article_publisher":"https:\/\/www.facebook.com\/pointzero.arh\/","article_modified_time":"2026-04-17T08:51:48+00:00","twitter_card":"summary_large_image","twitter_misc":{"Est. reading time":"2 minutes"},"schema":{"@context":"https:\/\/schema.org","@graph":[{"@type":"WebPage","@id":"https:\/\/pzero.ro\/politica-cookies\/","url":"https:\/\/pzero.ro\/politica-cookies\/","name":"Politica cookies - Point Zero","isPartOf":{"@id":"https:\/\/pzero.ro\/#website"},"datePublished":"2026-03-06T11:00:33+00:00","dateModified":"2026-04-17T08:51:48+00:00","breadcrumb":{"@id":"https:\/\/pzero.ro\/politica-cookies\/#breadcrumb"},"inLanguage":"en-US","potentialAction":[{"@type":"ReadAction","target":["https:\/\/pzero.ro\/politica-cookies\/"]}]},{"@type":"BreadcrumbList","@id":"https:\/\/pzero.ro\/politica-cookies\/#breadcrumb","itemListElement":[{"@type":"ListItem","position":1,"name":"Home","item":"https:\/\/pzero.ro\/"},{"@type":"ListItem","position":2,"name":"Politica cookies"}]},{"@type":"WebSite","@id":"https:\/\/pzero.ro\/#website","url":"https:\/\/pzero.ro\/","name":"Point Zero","description":"Arhitectur\u0103. Urbanism. Strategie","publisher":{"@id":"https:\/\/pzero.ro\/#organization"},"potentialAction":[{"@type":"SearchAction","target":{"@type":"EntryPoint","urlTemplate":"https:\/\/pzero.ro\/?s={search_term_string}"},"query-input":{"@type":"PropertyValueSpecification","valueRequired":true,"valueName":"search_term_string"}}],"inLanguage":"en-US"},{"@type":"Organization","@id":"https:\/\/pzero.ro\/#organization","name":"Point Zero","url":"https:\/\/pzero.ro\/","logo":{"@type":"ImageObject","inLanguage":"en-US","@id":"https:\/\/pzero.ro\/#\/schema\/logo\/image\/","url":"https:\/\/pzero.ro\/wp-content\/uploads\/2026\/03\/logo-PZ_curves_mini.png","contentUrl":"https:\/\/pzero.ro\/wp-content\/uploads\/2026\/03\/logo-PZ_curves_mini.png","width":250,"height":250,"caption":"Point Zero"},"image":{"@id":"https:\/\/pzero.ro\/#\/schema\/logo\/image\/"},"sameAs":["https:\/\/www.facebook.com\/pointzero.arh\/","https:\/\/www.instagram.com\/point_zero_\/"]}]}},"_links":{"self":[{"href":"https:\/\/pzero.ro\/en\/wp-json\/wp\/v2\/pages\/6281","targetHints":{"allow":["GET"]}}],"collection":[{"href":"https:\/\/pzero.ro\/en\/wp-json\/wp\/v2\/pages"}],"about":[{"href":"https:\/\/pzero.ro\/en\/wp-json\/wp\/v2\/types\/page"}],"author":[{"embeddable":true,"href":"https:\/\/pzero.ro\/en\/wp-json\/wp\/v2\/users\/1"}],"replies":[{"embeddable":true,"href":"https:\/\/pzero.ro\/en\/wp-json\/wp\/v2\/comments?post=6281"}],"version-history":[{"count":4,"href":"https:\/\/pzero.ro\/en\/wp-json\/wp\/v2\/pages\/6281\/revisions"}],"predecessor-version":[{"id":6430,"href":"https:\/\/pzero.ro\/en\/wp-json\/wp\/v2\/pages\/6281\/revisions\/6430"}],"wp:attachment":[{"href":"https:\/\/pzero.ro\/en\/wp-json\/wp\/v2\/media?parent=6281"}],"curies":[{"name":"wp","href":"https:\/\/api.w.org\/{rel}","templated":true}]}}